{"id":5603,"date":"2024-05-20T07:15:44","date_gmt":"2024-05-20T07:15:44","guid":{"rendered":"https:\/\/vn.genkisystem.com\/?page_id=5603"},"modified":"2024-10-09T01:30:28","modified_gmt":"2024-10-09T01:30:28","slug":"our-teams","status":"publish","type":"page","link":"https:\/\/vn.genkisystem.com\/vi\/our-teams\/","title":{"rendered":"\u0110\u1ed8I NG\u0168 NH\u00c2N S\u1ef0"},"content":{"rendered":"<div data-elementor-type=\"wp-page\" data-elementor-id=\"5603\" class=\"elementor elementor-5603\">\n\t\t\t\t<div class=\"elementor-element elementor-element-0143c8a e-flex e-con-boxed e-con e-parent\" data-id=\"0143c8a\" data-element_type=\"container\">\n\t\t\t\t\t<div class=\"e-con-inner\">\n\t\t\t\t<div class=\"elementor-element elementor-element-f620a95 elementor-widget elementor-widget-spacer\" data-id=\"f620a95\" data-element_type=\"widget\" data-widget_type=\"spacer.default\">\n\t\t\t\t<div class=\"elementor-widget-container\">\n\t\t\t<style>\/*! elementor - v3.21.0 - 08-05-2024 *\/\n.elementor-column .elementor-spacer-inner{height:var(--spacer-size)}.e-con{--container-widget-width:100%}.e-con-inner>.elementor-widget-spacer,.e-con>.elementor-widget-spacer{width:var(--container-widget-width,var(--spacer-size));--align-self:var(--container-widget-align-self,initial);--flex-shrink:0}.e-con-inner>.elementor-widget-spacer>.elementor-widget-container,.e-con>.elementor-widget-spacer>.elementor-widget-container{height:100%;width:100%}.e-con-inner>.elementor-widget-spacer>.elementor-widget-container>.elementor-spacer,.e-con>.elementor-widget-spacer>.elementor-widget-container>.elementor-spacer{height:100%}.e-con-inner>.elementor-widget-spacer>.elementor-widget-container>.elementor-spacer>.elementor-spacer-inner,.e-con>.elementor-widget-spacer>.elementor-widget-container>.elementor-spacer>.elementor-spacer-inner{height:var(--container-widget-height,var(--spacer-size))}.e-con-inner>.elementor-widget-spacer.elementor-widget-empty,.e-con>.elementor-widget-spacer.elementor-widget-empty{position:relative;min-height:22px;min-width:22px}.e-con-inner>.elementor-widget-spacer.elementor-widget-empty .elementor-widget-empty-icon,.e-con>.elementor-widget-spacer.elementor-widget-empty .elementor-widget-empty-icon{position:absolute;top:0;bottom:0;left:0;right:0;margin:auto;padding:0;width:22px;height:22px}<\/style>\t\t<div class=\"elementor-spacer\">\n\t\t\t<div class=\"elementor-spacer-inner\"><\/div>\n\t\t<\/div>\n\t\t\t\t<\/div>\n\t\t\t\t<\/div>\n\t\t\t\t\t<\/div>\n\t\t\t\t<\/div>\n\t\t<div class=\"elementor-element elementor-element-4b32313 e-flex e-con-boxed e-con e-parent\" data-id=\"4b32313\" data-element_type=\"container\">\n\t\t\t\t\t<div class=\"e-con-inner\">\n\t\t\t\t<div class=\"elementor-element elementor-element-0c66e6c elementor-widget elementor-widget-heading\" data-id=\"0c66e6c\" data-element_type=\"widget\" data-widget_type=\"heading.default\">\n\t\t\t\t<div class=\"elementor-widget-container\">\n\t\t\t<style>\/*! elementor - v3.21.0 - 08-05-2024 *\/\n.elementor-heading-title{padding:0;margin:0;line-height:1}.elementor-widget-heading .elementor-heading-title[class*=elementor-size-]>a{color:inherit;font-size:inherit;line-height:inherit}.elementor-widget-heading .elementor-heading-title.elementor-size-small{font-size:15px}.elementor-widget-heading .elementor-heading-title.elementor-size-medium{font-size:19px}.elementor-widget-heading .elementor-heading-title.elementor-size-large{font-size:29px}.elementor-widget-heading .elementor-heading-title.elementor-size-xl{font-size:39px}.elementor-widget-heading .elementor-heading-title.elementor-size-xxl{font-size:59px}<\/style><h3 class=\"elementor-heading-title elementor-size-default\">\u0110\u1ed9i ng\u0169 Business Operations<\/h3>\t\t<\/div>\n\t\t\t\t<\/div>\n\t\t\t\t\t<\/div>\n\t\t\t\t<\/div>\n\t\t<div class=\"elementor-element elementor-element-660fcea e-flex e-con-boxed e-con e-parent\" data-id=\"660fcea\" data-element_type=\"container\">\n\t\t\t\t\t<div class=\"e-con-inner\">\n\t\t\t\t<div class=\"elementor-element elementor-element-05b900b elementor-widget elementor-widget-heading\" data-id=\"05b900b\" data-element_type=\"widget\" data-widget_type=\"heading.default\">\n\t\t\t\t<div class=\"elementor-widget-container\">\n\t\t\t<span class=\"elementor-heading-title elementor-size-default\"><style>\n    span {\n        font-family: \"Poppins\",system-ui,-apple-system,\"Segoe UI\",Roboto,\"Helvetica Neue\",Arial,\"Noto Sans\",sans-serif,\"Apple Color Emoji\",\"Segoe UI Emoji\",\"Segoe UI Symbol\",\"Noto Color Emoji\";\n    }\n<\/style>\n<span style=\"color: rgb(48, 50, 52); font-weight: 400; white-space-collapse: collapse;\">\nCh\u00fang m\u00ecnh c\u00f3 m\u1ed9t m\u1ee5c ti\u00eau d\u1ec5 th\u01b0\u01a1ng nh\u01b0ng kh\u00f4ng d\u1ec5 l\u00e0m l\u00e0 t\u1ea1o ra m\u1ed9t m\u00f4i tr\u01b0\u1eddng l\u00e0m vi\u1ec7c vui v\u1ebb, hi\u1ec7u qu\u1ea3 v\u00e0 \u0111\u1ea7y s\u1ee9c s\u1ed1ng cho c\u00e1c Genkier. \nC\u00f3 th\u1ec3 \u0111\u1ed3ng h\u00e0nh, l\u1eafng nghe, ch\u0103m s\u00f3c s\u1ee9c kh\u1ecfe v\u00e0 tinh th\u1ea7n c\u0169ng nh\u01b0 gi\u00fap c\u00e1c Genkiers c\u00e2n b\u1eb1ng gi\u1eefa c\u00f4ng vi\u1ec7c v\u00e0 cu\u1ed9c s\u1ed1ng l\u00e0 \u0111i\u1ec1u m\u00e0 team m\u00ecnh \u0111ang c\u1ed1 g\u1eafng th\u1ef1c hi\u1ec7n m\u1ed7i ng\u00e0y.\n<\/span><\/span>\t\t<\/div>\n\t\t\t\t<\/div>\n\t\t\t\t\t<\/div>\n\t\t\t\t<\/div>\n\t\t<div class=\"elementor-element elementor-element-c74ee9a e-flex e-con-boxed e-con e-parent\" data-id=\"c74ee9a\" data-element_type=\"container\">\n\t\t\t\t\t<div class=\"e-con-inner\">\n\t\t\t\t<div class=\"elementor-element elementor-element-940fd68 elementor-widget elementor-widget-image\" data-id=\"940fd68\" data-element_type=\"widget\" data-widget_type=\"image.default\">\n\t\t\t\t<div class=\"elementor-widget-container\">\n\t\t\t<style>\/*! elementor - v3.21.0 - 08-05-2024 *\/\n.elementor-widget-image{text-align:center}.elementor-widget-image a{display:inline-block}.elementor-widget-image a img[src$=\".svg\"]{width:48px}.elementor-widget-image img{vertical-align:middle;display:inline-block}<\/style>\t\t\t\t\t\t\t\t\t\t<img fetchpriority=\"high\" decoding=\"async\" width=\"1024\" height=\"683\" src=\"https:\/\/vn.genkisystem.com\/wp-content\/uploads\/2024\/05\/BO-cute-1024x683.jpg\" class=\"attachment-large size-large wp-image-5606\" alt=\"\" srcset=\"https:\/\/vn.genkisystem.com\/wp-content\/uploads\/2024\/05\/BO-cute-1024x683.jpg 1024w, https:\/\/vn.genkisystem.com\/wp-content\/uploads\/2024\/05\/BO-cute-300x200.jpg 300w, https:\/\/vn.genkisystem.com\/wp-content\/uploads\/2024\/05\/BO-cute-768x512.jpg 768w, https:\/\/vn.genkisystem.com\/wp-content\/uploads\/2024\/05\/BO-cute-1536x1025.jpg 1536w, https:\/\/vn.genkisystem.com\/wp-content\/uploads\/2024\/05\/BO-cute-18x12.jpg 18w, https:\/\/vn.genkisystem.com\/wp-content\/uploads\/2024\/05\/BO-cute.jpg 1920w\" sizes=\"(max-width: 1024px) 100vw, 1024px\" \/>\t\t\t\t\t\t\t\t\t\t\t\t\t<\/div>\n\t\t\t\t<\/div>\n\t\t\t\t\t<\/div>\n\t\t\t\t<\/div>\n\t\t<div class=\"elementor-element elementor-element-6f9c6be e-flex e-con-boxed e-con e-parent\" data-id=\"6f9c6be\" data-element_type=\"container\">\n\t\t\t\t\t<div class=\"e-con-inner\">\n\t\t\t\t<div class=\"elementor-element elementor-element-be897fb elementor-widget elementor-widget-spacer\" data-id=\"be897fb\" data-element_type=\"widget\" data-widget_type=\"spacer.default\">\n\t\t\t\t<div class=\"elementor-widget-container\">\n\t\t\t\t\t<div class=\"elementor-spacer\">\n\t\t\t<div class=\"elementor-spacer-inner\"><\/div>\n\t\t<\/div>\n\t\t\t\t<\/div>\n\t\t\t\t<\/div>\n\t\t\t\t\t<\/div>\n\t\t\t\t<\/div>\n\t\t<div class=\"elementor-element elementor-element-f07640d e-flex e-con-boxed e-con e-parent\" data-id=\"f07640d\" data-element_type=\"container\">\n\t\t\t\t\t<div class=\"e-con-inner\">\n\t\t\t\t<div class=\"elementor-element elementor-element-dabd501 elementor-widget elementor-widget-heading\" data-id=\"dabd501\" data-element_type=\"widget\" data-widget_type=\"heading.default\">\n\t\t\t\t<div class=\"elementor-widget-container\">\n\t\t\t<h3 class=\"elementor-heading-title elementor-size-default\">\u0110\u1ed9i ng\u0169 SES<\/h3>\t\t<\/div>\n\t\t\t\t<\/div>\n\t\t\t\t\t<\/div>\n\t\t\t\t<\/div>\n\t\t<div class=\"elementor-element elementor-element-3c9c5c3 e-flex e-con-boxed e-con e-parent\" data-id=\"3c9c5c3\" data-element_type=\"container\">\n\t\t\t\t\t<div class=\"e-con-inner\">\n\t\t\t\t<div class=\"elementor-element elementor-element-4dc05d1 elementor-widget elementor-widget-heading\" data-id=\"4dc05d1\" data-element_type=\"widget\" data-widget_type=\"heading.default\">\n\t\t\t\t<div class=\"elementor-widget-container\">\n\t\t\t<h5 class=\"elementor-heading-title elementor-size-default\"><style>\n    span {\n        font-family: \"Poppins\",system-ui,-apple-system,\"Segoe UI\",Roboto,\"Helvetica Neue\",Arial,\"Noto Sans\",sans-serif,\"Apple Color Emoji\",\"Segoe UI Emoji\",\"Segoe UI Symbol\",\"Noto Color Emoji\";\n    }\n<\/style>\n\n<span style=\"color: rgb(48, 50, 52); font-weight: 400; white-space-collapse: collapse;\">\n\u0110\u1ed9i ng\u0169 SES g\u1ed3m nh\u1eefng th\u00e0nh vi\u00ean chi\u1ebfn binh, chinh ph\u1ee5c t\u1ea5t c\u1ea3 nh\u1eefng d\u1ef1 \u00e1n outsource c\u1ee7a Genki.\n<\/span><\/h5>\t\t<\/div>\n\t\t\t\t<\/div>\n\t\t\t\t\t<\/div>\n\t\t\t\t<\/div>\n\t\t<div class=\"elementor-element elementor-element-cfeea31 e-flex e-con-boxed e-con e-parent\" data-id=\"cfeea31\" data-element_type=\"container\">\n\t\t\t\t\t<div class=\"e-con-inner\">\n\t\t\t\t<div class=\"elementor-element elementor-element-11539ba elementor-widget elementor-widget-pg-alien\" data-id=\"11539ba\" data-element_type=\"widget\" data-widget_type=\"pg-alien.default\">\n\t\t\t\t<div class=\"elementor-widget-container\">\n\t\t\t\t\t<div class=\"pg-alien-grid pg-grid\">\n\t\t\t\n\t\t<div class=\"pg-alien-item pg-item elementor-repeater-item-35779b3\">\n\t\t\t\t\t\t\t<div class=\"pg-alien-img-btn\">\n\t\t\t\t\t\t\t<div class=\"pg-alien-image-wrap\">\n\t\t\t<img decoding=\"async\" width=\"683\" height=\"1024\" src=\"https:\/\/vn.genkisystem.com\/wp-content\/uploads\/2024\/05\/EMLINX-683x1024.jpg\" class=\"pg-alien-img\" alt=\"\" srcset=\"https:\/\/vn.genkisystem.com\/wp-content\/uploads\/2024\/05\/EMLINX-683x1024.jpg 683w, https:\/\/vn.genkisystem.com\/wp-content\/uploads\/2024\/05\/EMLINX-200x300.jpg 200w, https:\/\/vn.genkisystem.com\/wp-content\/uploads\/2024\/05\/EMLINX-768x1152.jpg 768w, https:\/\/vn.genkisystem.com\/wp-content\/uploads\/2024\/05\/EMLINX-1024x1536.jpg 1024w, https:\/\/vn.genkisystem.com\/wp-content\/uploads\/2024\/05\/EMLINX-8x12.jpg 8w, https:\/\/vn.genkisystem.com\/wp-content\/uploads\/2024\/05\/EMLINX.jpg 1280w\" sizes=\"(max-width: 683px) 100vw, 683px\" \/>\t\t\t\t\t<\/div>\n\t\t\t\t\t\t\t\t\t\t\t<\/div>\n\t\t\t<div class=\"pg-alien-content\">\n\t\t\t\t\t\t\t\t\t\t\t\t\t<\/div>\n\t\t\t\t\t\t\t\t<\/div>\n\n\t\t\n\t\t<div class=\"pg-alien-item pg-item elementor-repeater-item-1290626\">\n\t\t\t\t\t\t\t<div class=\"pg-alien-img-btn\">\n\t\t\t\t\t\t\t<div class=\"pg-alien-image-wrap\">\n\t\t\t<img decoding=\"async\" width=\"768\" height=\"1024\" src=\"https:\/\/vn.genkisystem.com\/wp-content\/uploads\/2024\/05\/LRM-768x1024.jpg\" class=\"pg-alien-img\" alt=\"\" srcset=\"https:\/\/vn.genkisystem.com\/wp-content\/uploads\/2024\/05\/LRM-768x1024.jpg 768w, https:\/\/vn.genkisystem.com\/wp-content\/uploads\/2024\/05\/LRM-225x300.jpg 225w, https:\/\/vn.genkisystem.com\/wp-content\/uploads\/2024\/05\/LRM-1152x1536.jpg 1152w, https:\/\/vn.genkisystem.com\/wp-content\/uploads\/2024\/05\/LRM-9x12.jpg 9w, https:\/\/vn.genkisystem.com\/wp-content\/uploads\/2024\/05\/LRM.jpg 1440w\" sizes=\"(max-width: 768px) 100vw, 768px\" \/>\t\t\t\t\t<\/div>\n\t\t\t\t\t\t\t\t\t\t\t<\/div>\n\t\t\t<div class=\"pg-alien-content\">\n\t\t\t\t\t\t\t\t\t\t\t\t\t<\/div>\n\t\t\t\t\t\t\t\t<\/div>\n\n\t\t\n\t\t<div class=\"pg-alien-item pg-item elementor-repeater-item-6171848\">\n\t\t\t\t\t\t\t<div class=\"pg-alien-img-btn\">\n\t\t\t\t\t\t\t<div class=\"pg-alien-image-wrap\">\n\t\t\t<img loading=\"lazy\" decoding=\"async\" width=\"1024\" height=\"768\" src=\"https:\/\/vn.genkisystem.com\/wp-content\/uploads\/2024\/05\/sai-dat-1024x768.jpg\" class=\"pg-alien-img\" alt=\"\" srcset=\"https:\/\/vn.genkisystem.com\/wp-content\/uploads\/2024\/05\/sai-dat-1024x768.jpg 1024w, https:\/\/vn.genkisystem.com\/wp-content\/uploads\/2024\/05\/sai-dat-300x225.jpg 300w, https:\/\/vn.genkisystem.com\/wp-content\/uploads\/2024\/05\/sai-dat-768x576.jpg 768w, https:\/\/vn.genkisystem.com\/wp-content\/uploads\/2024\/05\/sai-dat-1536x1152.jpg 1536w, https:\/\/vn.genkisystem.com\/wp-content\/uploads\/2024\/05\/sai-dat-16x12.jpg 16w, https:\/\/vn.genkisystem.com\/wp-content\/uploads\/2024\/05\/sai-dat.jpg 1920w\" sizes=\"(max-width: 1024px) 100vw, 1024px\" \/>\t\t\t\t\t<\/div>\n\t\t\t\t\t\t\t\t\t\t\t<\/div>\n\t\t\t<div class=\"pg-alien-content\">\n\t\t\t\t\t\t\t\t\t\t\t\t\t<\/div>\n\t\t\t\t\t\t\t\t<\/div>\n\n\t\t\t\t<\/div>\n\t\t\t\t<\/div>\n\t\t\t\t<\/div>\n\t\t\t\t\t<\/div>\n\t\t\t\t<\/div>\n\t\t<div class=\"elementor-element elementor-element-9d9c6b5 e-flex e-con-boxed e-con e-parent\" data-id=\"9d9c6b5\" data-element_type=\"container\">\n\t\t\t\t\t<div class=\"e-con-inner\">\n\t\t\t\t<div class=\"elementor-element elementor-element-f96d848 elementor-widget elementor-widget-spacer\" data-id=\"f96d848\" data-element_type=\"widget\" data-widget_type=\"spacer.default\">\n\t\t\t\t<div class=\"elementor-widget-container\">\n\t\t\t\t\t<div class=\"elementor-spacer\">\n\t\t\t<div class=\"elementor-spacer-inner\"><\/div>\n\t\t<\/div>\n\t\t\t\t<\/div>\n\t\t\t\t<\/div>\n\t\t\t\t\t<\/div>\n\t\t\t\t<\/div>\n\t\t<div class=\"elementor-element elementor-element-767b9e0 e-flex e-con-boxed e-con e-parent\" data-id=\"767b9e0\" data-element_type=\"container\">\n\t\t\t\t\t<div class=\"e-con-inner\">\n\t\t\t\t<div class=\"elementor-element elementor-element-46e3077 elementor-widget elementor-widget-heading\" data-id=\"46e3077\" data-element_type=\"widget\" data-widget_type=\"heading.default\">\n\t\t\t\t<div class=\"elementor-widget-container\">\n\t\t\t<h3 class=\"elementor-heading-title elementor-size-default\">\u0110\u1ed9i ng\u0169 ph\u00e1t tri\u1ec3n s\u1ea3n ph\u1ea9m<\/h3>\t\t<\/div>\n\t\t\t\t<\/div>\n\t\t\t\t\t<\/div>\n\t\t\t\t<\/div>\n\t\t<div class=\"elementor-element elementor-element-de2c421 e-flex e-con-boxed e-con e-parent\" data-id=\"de2c421\" data-element_type=\"container\">\n\t\t\t\t\t<div class=\"e-con-inner\">\n\t\t\t\t<div class=\"elementor-element elementor-element-0a7162b elementor-widget elementor-widget-heading\" data-id=\"0a7162b\" data-element_type=\"widget\" data-widget_type=\"heading.default\">\n\t\t\t\t<div class=\"elementor-widget-container\">\n\t\t\t<span class=\"elementor-heading-title elementor-size-default\"><style>\n    span {\n        font-family: \"Poppins\",system-ui,-apple-system,\"Segoe UI\",Roboto,\"Helvetica Neue\",Arial,\"Noto Sans\",sans-serif,\"Apple Color Emoji\",\"Segoe UI Emoji\",\"Segoe UI Symbol\",\"Noto Color Emoji\";\n    }\n<\/style>\n\n<span style=\"color: rgb(48, 50, 52); font-weight: 400; white-space-collapse: collapse;\">\n\u0110\u1ed9i ng\u0169 ph\u00e1t tri\u1ec3n s\u1ea3n ph\u1ea9m bao g\u1ed3m nh\u1eefng th\u00e0nh vi\u00ean tr\u1ebb, n\u0103ng \u0111\u1ed9ng, lu\u00f4n h\u1ecdc h\u1ecfi, trau d\u1ed3i t\u00ednh s\u00e1ng t\u1ea1o \u0111\u1ec3 mang s\u1ea3n ph\u1ea9m ra th\u1ecb tr\u01b0\u1eddng.\n<\/span><\/span>\t\t<\/div>\n\t\t\t\t<\/div>\n\t\t\t\t\t<\/div>\n\t\t\t\t<\/div>\n\t\t<div class=\"elementor-element elementor-element-86f01b1 e-flex e-con-boxed e-con e-parent\" data-id=\"86f01b1\" data-element_type=\"container\">\n\t\t\t\t\t<div class=\"e-con-inner\">\n\t\t\t\t<div class=\"elementor-element elementor-element-483ea59 elementor-widget elementor-widget-pg-alien\" data-id=\"483ea59\" data-element_type=\"widget\" data-widget_type=\"pg-alien.default\">\n\t\t\t\t<div class=\"elementor-widget-container\">\n\t\t\t\t\t<div class=\"pg-alien-grid pg-grid\">\n\t\t\t\n\t\t<div class=\"pg-alien-item pg-item elementor-repeater-item-bd4c66f\">\n\t\t\t\t\t\t\t<div class=\"pg-alien-img-btn\">\n\t\t\t\t\t\t\t<div class=\"pg-alien-image-wrap\">\n\t\t\t<img loading=\"lazy\" decoding=\"async\" width=\"1024\" height=\"683\" src=\"https:\/\/vn.genkisystem.com\/wp-content\/uploads\/2024\/05\/chay-1024x683.jpg\" class=\"pg-alien-img\" alt=\"\" srcset=\"https:\/\/vn.genkisystem.com\/wp-content\/uploads\/2024\/05\/chay-1024x683.jpg 1024w, https:\/\/vn.genkisystem.com\/wp-content\/uploads\/2024\/05\/chay-300x200.jpg 300w, https:\/\/vn.genkisystem.com\/wp-content\/uploads\/2024\/05\/chay-768x512.jpg 768w, https:\/\/vn.genkisystem.com\/wp-content\/uploads\/2024\/05\/chay-1536x1024.jpg 1536w, https:\/\/vn.genkisystem.com\/wp-content\/uploads\/2024\/05\/chay-18x12.jpg 18w, https:\/\/vn.genkisystem.com\/wp-content\/uploads\/2024\/05\/chay.jpg 1920w\" sizes=\"(max-width: 1024px) 100vw, 1024px\" \/>\t\t\t\t\t<\/div>\n\t\t\t\t\t\t\t\t\t\t\t<\/div>\n\t\t\t<div class=\"pg-alien-content\">\n\t\t\t\t\t\t\t\t\t\t\t\t\t<\/div>\n\t\t\t\t\t\t\t\t<\/div>\n\n\t\t\n\t\t<div class=\"pg-alien-item pg-item elementor-repeater-item-fd2cc02\">\n\t\t\t\t\t\t\t<div class=\"pg-alien-img-btn\">\n\t\t\t\t\t\t\t<div class=\"pg-alien-image-wrap\">\n\t\t\t<img loading=\"lazy\" decoding=\"async\" width=\"1024\" height=\"768\" src=\"https:\/\/vn.genkisystem.com\/wp-content\/uploads\/2024\/05\/AIMP-1024x768.jpg\" class=\"pg-alien-img\" alt=\"\" srcset=\"https:\/\/vn.genkisystem.com\/wp-content\/uploads\/2024\/05\/AIMP-1024x768.jpg 1024w, https:\/\/vn.genkisystem.com\/wp-content\/uploads\/2024\/05\/AIMP-300x225.jpg 300w, https:\/\/vn.genkisystem.com\/wp-content\/uploads\/2024\/05\/AIMP-768x576.jpg 768w, https:\/\/vn.genkisystem.com\/wp-content\/uploads\/2024\/05\/AIMP-1536x1152.jpg 1536w, https:\/\/vn.genkisystem.com\/wp-content\/uploads\/2024\/05\/AIMP-16x12.jpg 16w, https:\/\/vn.genkisystem.com\/wp-content\/uploads\/2024\/05\/AIMP.jpg 1920w\" sizes=\"(max-width: 1024px) 100vw, 1024px\" \/>\t\t\t\t\t<\/div>\n\t\t\t\t\t\t\t\t\t\t\t<\/div>\n\t\t\t<div class=\"pg-alien-content\">\n\t\t\t\t\t\t\t\t\t\t\t\t\t<\/div>\n\t\t\t\t\t\t\t\t<\/div>\n\n\t\t\t\t<\/div>\n\t\t\t\t<\/div>\n\t\t\t\t<\/div>\n\t\t\t\t\t<\/div>\n\t\t\t\t<\/div>\n\t\t<div class=\"elementor-element elementor-element-87460e7 e-flex e-con-boxed e-con e-parent\" data-id=\"87460e7\" data-element_type=\"container\">\n\t\t\t\t\t<div class=\"e-con-inner\">\n\t\t\t\t<div class=\"elementor-element elementor-element-2b59f0b elementor-widget elementor-widget-spacer\" data-id=\"2b59f0b\" data-element_type=\"widget\" data-widget_type=\"spacer.default\">\n\t\t\t\t<div class=\"elementor-widget-container\">\n\t\t\t\t\t<div class=\"elementor-spacer\">\n\t\t\t<div class=\"elementor-spacer-inner\"><\/div>\n\t\t<\/div>\n\t\t\t\t<\/div>\n\t\t\t\t<\/div>\n\t\t\t\t\t<\/div>\n\t\t\t\t<\/div>\n\t\t\t\t<\/div>","protected":false},"excerpt":{"rendered":"<p>Team Business Operations We have a lovely but not easy goal: to create a fun, effective and vibrant working environment for Genkiers. Being able to accompany, listen, take care of their health and spirit as well as help Genkiers balance work and life is what our team is trying to do every day. SES team [&hellip;]<\/p>","protected":false},"author":1,"featured_media":0,"parent":0,"menu_order":0,"comment_status":"closed","ping_status":"closed","template":"elementor_header_footer","meta":{"footnotes":""},"aioseo_notices":[],"_links":{"self":[{"href":"https:\/\/vn.genkisystem.com\/vi\/wp-json\/wp\/v2\/pages\/5603"}],"collection":[{"href":"https:\/\/vn.genkisystem.com\/vi\/wp-json\/wp\/v2\/pages"}],"about":[{"href":"https:\/\/vn.genkisystem.com\/vi\/wp-json\/wp\/v2\/types\/page"}],"author":[{"embeddable":true,"href":"https:\/\/vn.genkisystem.com\/vi\/wp-json\/wp\/v2\/users\/1"}],"replies":[{"embeddable":true,"href":"https:\/\/vn.genkisystem.com\/vi\/wp-json\/wp\/v2\/comments?post=5603"}],"version-history":[{"count":20,"href":"https:\/\/vn.genkisystem.com\/vi\/wp-json\/wp\/v2\/pages\/5603\/revisions"}],"predecessor-version":[{"id":5954,"href":"https:\/\/vn.genkisystem.com\/vi\/wp-json\/wp\/v2\/pages\/5603\/revisions\/5954"}],"wp:attachment":[{"href":"https:\/\/vn.genkisystem.com\/vi\/wp-json\/wp\/v2\/media?parent=5603"}],"curies":[{"name":"wp","href":"https:\/\/api.w.org\/{rel}","templated":true}]}}